{"id":2368,"date":"2025-01-30T04:34:30","date_gmt":"2025-01-30T04:34:30","guid":{"rendered":"https:\/\/running-club-ukrainotschka.de\/?page_id=2368"},"modified":"2025-01-31T10:16:41","modified_gmt":"2025-01-31T10:16:41","slug":"mitglied-werden","status":"publish","type":"page","link":"https:\/\/running-club-ukrainotschka.de\/ua\/mitglied-werden\/","title":{"rendered":"\u041f\u0440\u0438\u0454\u0434\u043d\u0430\u0442\u0438\u0441\u044c \u0434\u043e \u043a\u043b\u0443\u0431\u0443"},"content":{"rendered":"\n<h3 class=\"wp-block-heading\">Du m\u00f6chtest Mitglied unseres Vereins werden? Wir freuen uns auf Dich!<\/h3>\n\n\n\n<div style=\"height:22px\" aria-hidden=\"true\" class=\"wp-block-spacer\"><\/div>\n\n\n\n<p>F\u00fcr alle Vereinsmitglieder bieten wir an: <\/p>\n\n\n\n<div class=\"wp-block-responsive-lightbox-gallery\"><\/div>\n\n\n\n<div class=\"wp-block-columns is-layout-flex wp-container-core-columns-is-layout-9d6595d7 wp-block-columns-is-layout-flex\">\n<div class=\"wp-block-column is-vertically-aligned-center is-layout-flow wp-block-column-is-layout-flow\">\n<p class=\"has-background\" style=\"background-color:#fff5cc\">Kostenlose Lauftrainings mit einer zertifizierten Trainerin.<\/p>\n<\/div>\n\n\n\n<div class=\"wp-block-column is-vertically-aligned-center is-layout-flow wp-block-column-is-layout-flow\">\n<p class=\"has-background\" style=\"background-color:#d3edf6\">Gute Integrations-M\u00f6glichkeiten durch die gemischte Lauftreffs.<\/p>\n<\/div>\n<\/div>\n\n\n\n<div class=\"wp-block-columns is-layout-flex wp-container-core-columns-is-layout-9d6595d7 wp-block-columns-is-layout-flex\">\n<div class=\"wp-block-column is-layout-flow wp-block-column-is-layout-flow\">\n<p class=\"has-background\" style=\"background-color:#d3edf6\">Gemeinsame Wanderungen, Radtouren, Langl\u00e4ufe sowohl in Deutschland als auch in Ausland.<\/p>\n<\/div>\n\n\n\n<div class=\"wp-block-column is-layout-flow wp-block-column-is-layout-flow\">\n<p class=\"has-background\" style=\"background-color:#fff5cc\">Gemeinsame \u00d6kosoziale Projekte sowie Ploggingrun in Freiburg und Umgebung.<\/p>\n<\/div>\n<\/div>\n\n\n\n<p>Der Mitgliedsjahresbeitrag betr\u00e4gt mindestens 12,- Euro f\u00fcr Einzelmitglieder.<\/p>\n\n\n\n<p>Wir bitten euch, euren Mitgliedsbeitrag auf folgendes Konto zu \u00fcberweisen: <\/p>\n\n\n\n<div style=\"height:25px\" aria-hidden=\"true\" class=\"wp-block-spacer\"><\/div>\n\n\n\n<p>Running Club Ukrainotschka e.V. <\/p>\n\n\n\n<p>Sparkasse Freiburg-N\u00f6rdlicher Breisgau <\/p>\n\n\n\n<p>IBAN: &nbsp;DE64 6805 0101 0014 3460 66<\/p>\n\n\n\n<p>BIC: FRSPDE66XXX <\/p>\n\n\n\n<p>Verwendungszweck: Mitgliedsbeitrag, Name, Vorname<\/p>\n\n\n\n<div style=\"height:30px\" aria-hidden=\"true\" class=\"wp-block-spacer\"><\/div>\n\n\n\n<p>Bitte f\u00fclle dieses Formular aus:<\/p>\n\n\n<style id=\"wpforms-css-vars-2366-block-5b404c05-3a82-4dd3-a48c-5934f58bbe9b\">\n\t\t\t\t#wpforms-2366.wpforms-block-5b404c05-3a82-4dd3-a48c-5934f58bbe9b {\n\t\t\t\t--wpforms-button-background-color: #7b9bab;\n--wpforms-field-size-input-height: 43px;\n--wpforms-field-size-input-spacing: 15px;\n--wpforms-field-size-font-size: 16px;\n--wpforms-field-size-line-height: 19px;\n--wpforms-field-size-padding-h: 14px;\n--wpforms-field-size-checkbox-size: 16px;\n--wpforms-field-size-sublabel-spacing: 5px;\n--wpforms-field-size-icon-size: 1;\n--wpforms-label-size-font-size: 16px;\n--wpforms-label-size-line-height: 19px;\n--wpforms-label-size-sublabel-font-size: 14px;\n--wpforms-label-size-sublabel-line-height: 17px;\n--wpforms-button-size-font-size: 17px;\n--wpforms-button-size-height: 41px;\n--wpforms-button-size-padding-h: 15px;\n--wpforms-button-size-margin-top: 10px;\n\t\t\t}\n\t\t\t<\/style><div class=\"wpforms-container wpforms-container-full wpforms-block wpforms-block-5b404c05-3a82-4dd3-a48c-5934f58bbe9b mitglied-form wpforms-render-modern\" id=\"wpforms-2366\"><form id=\"wpforms-form-2366\" class=\"wpforms-validate wpforms-form wpforms-ajax-form\" data-formid=\"2366\" method=\"post\" enctype=\"multipart\/form-data\" action=\"\/ua\/wp-json\/wp\/v2\/pages\/2368\" data-token=\"4e176b09f8c70b3f8ec9da06013c8376\" data-token-time=\"1777517388\"><noscript class=\"wpforms-error-noscript\">\u0414\u043b\u044f \u0437\u0430\u043f\u043e\u0432\u043d\u0435\u043d\u043d\u044f \u0446\u0456\u0454\u0457 \u0444\u043e\u0440\u043c\u0438 \u0443\u0432\u0456\u043c\u043a\u043d\u0456\u0442\u044c JavaScript \u0443 \u0431\u0440\u0430\u0443\u0437\u0435\u0440\u0456.<\/noscript><div id=\"wpforms-error-noscript\" style=\"display: none;\">\u0414\u043b\u044f \u0437\u0430\u043f\u043e\u0432\u043d\u0435\u043d\u043d\u044f \u0446\u0456\u0454\u0457 \u0444\u043e\u0440\u043c\u0438 \u0443\u0432\u0456\u043c\u043a\u043d\u0456\u0442\u044c JavaScript \u0443 \u0431\u0440\u0430\u0443\u0437\u0435\u0440\u0456.<\/div><div class=\"wpforms-field-container\"><div id=\"wpforms-2366-field_1-container\" class=\"wpforms-field wpforms-field-name\" data-field-id=\"1\"><fieldset><legend class=\"wpforms-field-label\">Name <span class=\"wpforms-required-label\" aria-hidden=\"true\">*<\/span><\/legend><div class=\"wpforms-field-row wpforms-field-medium\"><div class=\"wpforms-field-row-block wpforms-first wpforms-one-half\"><input type=\"text\" id=\"wpforms-2366-field_1\" class=\"wpforms-field-name-first wpforms-field-required\" name=\"wpforms[fields][1][first]\" placeholder=\"Vorname\" aria-errormessage=\"wpforms-2366-field_1-error\" required><label for=\"wpforms-2366-field_1\" class=\"wpforms-field-sublabel after wpforms-sublabel-hide\">\u0406\u043c&#039;\u044f<\/label><\/div><div class=\"wpforms-field-row-block wpforms-one-half\"><input type=\"text\" id=\"wpforms-2366-field_1-last\" class=\"wpforms-field-name-last wpforms-field-required\" name=\"wpforms[fields][1][last]\" placeholder=\"Nachname\" aria-errormessage=\"wpforms-2366-field_1-last-error\" required><label for=\"wpforms-2366-field_1-last\" class=\"wpforms-field-sublabel after wpforms-sublabel-hide\">\u041f\u0440\u0456\u0437\u0432\u0438\u0449\u0435<\/label><\/div><\/div><\/fieldset><\/div><div id=\"wpforms-2366-field_6-container\" class=\"wpforms-field wpforms-field-name\" data-field-id=\"6\"><fieldset><legend class=\"wpforms-field-label\">Adresse <span class=\"wpforms-required-label\" aria-hidden=\"true\">*<\/span><\/legend><div class=\"wpforms-field-row wpforms-field-medium\"><div class=\"wpforms-field-row-block wpforms-first wpforms-two-fifths\"><input type=\"text\" id=\"wpforms-2366-field_6\" class=\"wpforms-field-name-first wpforms-field-required\" name=\"wpforms[fields][6][first]\" placeholder=\"Stra\u00dfe und Hausnummer\" aria-errormessage=\"wpforms-2366-field_6-error\" required><label for=\"wpforms-2366-field_6\" class=\"wpforms-field-sublabel after wpforms-sublabel-hide\">\u0406\u043c&#039;\u044f<\/label><\/div><div class=\"wpforms-field-row-block wpforms-one-fifth\"><input type=\"text\" id=\"wpforms-2366-field_6-middle\" class=\"wpforms-field-name-middle\" name=\"wpforms[fields][6][middle]\" placeholder=\"PLZ\" aria-errormessage=\"wpforms-2366-field_6-middle-error\" ><label for=\"wpforms-2366-field_6-middle\" class=\"wpforms-field-sublabel after wpforms-sublabel-hide\">\u041f\u043e \u0431\u0430\u0442\u044c\u043a\u043e\u0432\u0456<\/label><\/div><div class=\"wpforms-field-row-block wpforms-two-fifths\"><input type=\"text\" id=\"wpforms-2366-field_6-last\" class=\"wpforms-field-name-last wpforms-field-required\" name=\"wpforms[fields][6][last]\" placeholder=\"Ort\" aria-errormessage=\"wpforms-2366-field_6-last-error\" required><label for=\"wpforms-2366-field_6-last\" class=\"wpforms-field-sublabel after wpforms-sublabel-hide\">\u041f\u0440\u0456\u0437\u0432\u0438\u0449\u0435<\/label><\/div><\/div><\/fieldset><\/div><div id=\"wpforms-2366-field_2-container\" class=\"wpforms-field wpforms-field-email\" data-field-id=\"2\"><label class=\"wpforms-field-label\" for=\"wpforms-2366-field_2\">E-Mail-Adresse <span class=\"wpforms-required-label\" aria-hidden=\"true\">*<\/span><\/label><input type=\"email\" id=\"wpforms-2366-field_2\" class=\"wpforms-field-medium wpforms-field-required\" name=\"wpforms[fields][2]\" spellcheck=\"false\" aria-errormessage=\"wpforms-2366-field_2-error\" required><\/div><div id=\"wpforms-2366-field_7-container\" class=\"wpforms-field wpforms-field-text\" data-field-id=\"7\"><label class=\"wpforms-field-label\" for=\"wpforms-2366-field_7\">Tel.<\/label><input type=\"text\" id=\"wpforms-2366-field_7\" class=\"wpforms-field-medium wpforms-limit-characters-enabled\" data-form-id=\"2366\" data-field-id=\"7\" data-text-limit=\"20\" name=\"wpforms[fields][7]\" aria-errormessage=\"wpforms-2366-field_7-error\" maxlength=\"20\" ><\/div>\t\t<div id=\"wpforms-2366-field_3-container\"\n\t\t\tclass=\"wpforms-field wpforms-field-text\"\n\t\t\tdata-field-type=\"text\"\n\t\t\tdata-field-id=\"3\"\n\t\t\t>\n\t\t\t<label class=\"wpforms-field-label\" for=\"wpforms-2366-field_3\" >Name Mitgliedsbeitrag Adresse<\/label>\n\t\t\t<input type=\"text\" id=\"wpforms-2366-field_3\" class=\"wpforms-field-medium\" name=\"wpforms[fields][3]\" >\n\t\t<\/div>\n\t\t<div id=\"wpforms-2366-field_13-container\" class=\"wpforms-field wpforms-field-name\" data-field-id=\"13\"><label class=\"wpforms-field-label\" for=\"wpforms-2366-field_13\">Mitgliedsbeitrag <span class=\"wpforms-required-label\" aria-hidden=\"true\">*<\/span><\/label><input type=\"text\" id=\"wpforms-2366-field_13\" class=\"wpforms-field-medium wpforms-field-required\" name=\"wpforms[fields][13]\" aria-errormessage=\"wpforms-2366-field_13-error\" aria-describedby=\"wpforms-2366-field_13-description\" required><div id=\"wpforms-2366-field_13-description\" class=\"wpforms-field-description\">Geben Sie bitte den Betrag ein, den Sie j\u00e4hrlich an unseren Verein als Mitglied zahlen m\u00f6chten (min. 12 \u20ac). <\/div><\/div><div id=\"wpforms-2366-field_12-container\" class=\"wpforms-field wpforms-field-checkbox\" data-field-id=\"12\"><fieldset><legend class=\"wpforms-field-label wpforms-label-hide\" aria-hidden=\"false\"> <span class=\"wpforms-required-label\" aria-hidden=\"true\">*<\/span><\/legend><ul id=\"wpforms-2366-field_12\" class=\"wpforms-field-required\"><li class=\"choice-1 depth-1\"><input type=\"checkbox\" id=\"wpforms-2366-field_12_1\" name=\"wpforms[fields][12][]\" value=\"Ich bin mit der &lt;a target=&quot;_blank&quot; href=&quot;https:\/\/running-club-ukrainotschka.de\/datenschutz\/&quot;&gt;Datenschutzerkl\u00e4rung&lt;\/a&gt; sowie der &lt;a href=&quot;https:\/\/running-club-ukrainotschka.de\/wp-content\/uploads\/2025\/01\/Satzung-RC-UA.pdf&quot; target=&quot;_blank&quot;&gt;Vereinssatzung&lt;\/a&gt; einverstanden.*\" aria-errormessage=\"wpforms-2366-field_12_1-error\" required ><label class=\"wpforms-field-label-inline\" for=\"wpforms-2366-field_12_1\">Ich bin mit der <a target=\"_blank\" href=\"https:\/\/running-club-ukrainotschka.de\/datenschutz\/\">Datenschutzerkl\u00e4rung<\/a> sowie der <a href=\"https:\/\/running-club-ukrainotschka.de\/wp-content\/uploads\/2025\/01\/Satzung-RC-UA.pdf\" target=\"_blank\">Vereinssatzung<\/a> einverstanden.*<\/label><\/li><\/ul><\/fieldset><\/div><script>\n\t\t\t\t( function() {\n\t\t\t\t\tconst style = document.createElement( 'style' );\n\t\t\t\t\tstyle.appendChild( document.createTextNode( '#wpforms-2366-field_3-container { position: absolute !important; overflow: hidden !important; display: inline !important; height: 1px !important; width: 1px !important; z-index: -1000 !important; padding: 0 !important; } #wpforms-2366-field_3-container input { visibility: hidden; } #wpforms-conversational-form-page #wpforms-2366-field_3-container label { counter-increment: none; }' ) );\n\t\t\t\t\tdocument.head.appendChild( style );\n\t\t\t\t\tdocument.currentScript?.remove();\n\t\t\t\t} )();\n\t\t\t<\/script><\/div><!-- .wpforms-field-container --><div class=\"wpforms-recaptcha-container wpforms-is-recaptcha wpforms-is-recaptcha-type-v2\" ><div class=\"g-recaptcha\" data-sitekey=\"6Lfw4ccqAAAAAPoXu9snEPpKfKFpMTUBKY0nCaUC\"><\/div><input type=\"text\" name=\"g-recaptcha-hidden\" class=\"wpforms-recaptcha-hidden\" style=\"position:absolute!important;clip:rect(0,0,0,0)!important;height:1px!important;width:1px!important;border:0!important;overflow:hidden!important;padding:0!important;margin:0!important;\" data-rule-recaptcha=\"1\"><\/div><div class=\"wpforms-submit-container\" ><input type=\"hidden\" name=\"wpforms[id]\" value=\"2366\"><input type=\"hidden\" name=\"page_title\" value=\"\"><input type=\"hidden\" name=\"page_url\" value=\"https:\/\/running-club-ukrainotschka.de\/ua\/wp-json\/wp\/v2\/pages\/2368\"><input type=\"hidden\" name=\"url_referer\" value=\"\"><button type=\"submit\" name=\"wpforms[submit]\" id=\"wpforms-submit-2366\" class=\"wpforms-submit mitglied-form-send-button\" data-alt-text=\"Wird gesendet\u00a0\u2026\" data-submit-text=\"Absenden\" aria-live=\"assertive\" value=\"wpforms-submit\">Absenden<\/button><img loading=\"lazy\" decoding=\"async\" src=\"https:\/\/running-club-ukrainotschka.de\/wp-content\/plugins\/wpforms-lite\/assets\/images\/submit-spin.svg\" class=\"wpforms-submit-spinner\" style=\"display: none;\" width=\"26\" height=\"26\" alt=\"\u0417\u0430\u0432\u0430\u043d\u0442\u0430\u0436\u0435\u043d\u043d\u044f\"><\/div><\/form><\/div>  <!-- .wpforms-container -->\n\n\n<div style=\"height:24px\" aria-hidden=\"true\" class=\"wp-block-spacer\"><\/div>\n\n\n\n<h3 class=\"wp-block-heading\">Helfe uns und unterst\u00fctze unseren Sportverein mit einer Spende. <\/h3>\n\n\n\n<div style=\"height:25px\" aria-hidden=\"true\" class=\"wp-block-spacer\"><\/div>\n\n\n\n<p>Jeder Betrag hilft uns weiter, das Angebot und die Unterhaltung aufrecht zu erhalten und zu verbessern. Selbstverst\u00e4ndlich sind unsere Spenden steuerlich abzugsf\u00e4hig. F\u00fcr Spenden bis 200,00 \u20ac gilt Ihr Beleg bzw. der Kontoauszug als Spendenquittung. Spendenbescheinigungen ab 200,00 \u20ac werden von uns erstellt und an Euch verschickt. Hierf\u00fcr ben\u00f6tigen wir die vollst\u00e4ndige Anschrift.<\/p>\n\n\n\n<p>Running Club Ukrainotschka e.V.&nbsp;<\/p>\n\n\n\n<p>Sparkasse Freiburg-N\u00f6rdlicher Breisgau<\/p>\n\n\n\n<p>IBAN: &nbsp;DE64 6805 0101 0014 3460 66<\/p>\n\n\n\n<p>BIC: FRSPDE66XX<\/p>\n\n\n\n<p>Wir bedanken uns herzlich f\u00fcr Ihre Unterst\u00fctzung!<\/p>\n","protected":false},"excerpt":{"rendered":"<p>Du m\u00f6chtest Mitglied unseres Vereins werden? Wir freuen uns auf Dich! F\u00fcr alle Vereinsmitglieder bieten wir an: Kostenlose Lauftrainings mit einer zertifizierten Trainerin. Gute Integrations-M\u00f6glichkeiten durch die gemischte Lauftreffs. Gemeinsame Wanderungen, Radtouren, Langl\u00e4ufe sowohl in Deutschland als auch in Ausland&#8230;.<\/p>","protected":false},"author":1,"featured_media":0,"parent":0,"menu_order":0,"comment_status":"closed","ping_status":"closed","template":"","meta":{"footnotes":""},"class_list":["post-2368","page","type-page","status-publish","hentry"],"aioseo_notices":[],"_links":{"self":[{"href":"https:\/\/running-club-ukrainotschka.de\/ua\/wp-json\/wp\/v2\/pages\/2368","targetHints":{"allow":["GET"]}}],"collection":[{"href":"https:\/\/running-club-ukrainotschka.de\/ua\/wp-json\/wp\/v2\/pages"}],"about":[{"href":"https:\/\/running-club-ukrainotschka.de\/ua\/wp-json\/wp\/v2\/types\/page"}],"author":[{"embeddable":true,"href":"https:\/\/running-club-ukrainotschka.de\/ua\/wp-json\/wp\/v2\/users\/1"}],"replies":[{"embeddable":true,"href":"https:\/\/running-club-ukrainotschka.de\/ua\/wp-json\/wp\/v2\/comments?post=2368"}],"version-history":[{"count":24,"href":"https:\/\/running-club-ukrainotschka.de\/ua\/wp-json\/wp\/v2\/pages\/2368\/revisions"}],"predecessor-version":[{"id":2428,"href":"https:\/\/running-club-ukrainotschka.de\/ua\/wp-json\/wp\/v2\/pages\/2368\/revisions\/2428"}],"wp:attachment":[{"href":"https:\/\/running-club-ukrainotschka.de\/ua\/wp-json\/wp\/v2\/media?parent=2368"}],"curies":[{"name":"wp","href":"https:\/\/api.w.org\/{rel}","templated":true}]}}