{"id":182,"date":"2015-09-23T14:44:50","date_gmt":"2015-09-23T14:44:50","guid":{"rendered":"http:\/\/wp.magnium-themes.com\/himmelen\/himmelen-1\/?page_id=182"},"modified":"2026-01-18T12:15:15","modified_gmt":"2026-01-18T12:15:15","slug":"ueber-uns","status":"publish","type":"page","link":"https:\/\/running-club-ukrainotschka.de\/ua\/ueber-uns\/","title":{"rendered":"\u041f\u0440\u043e \u043d\u0430\u0441"},"content":{"rendered":"<div class=\"wp-block-columns is-layout-flex wp-container-core-columns-is-layout-9d6595d7 wp-block-columns-is-layout-flex\">\n<div class=\"wp-block-column is-layout-flow wp-block-column-is-layout-flow\">\n<h2 class=\"wp-block-heading\">Running Club Ukrainotschka e.V.<\/h2>\n\n\n\n<p>\u041c\u0438 - \u043d\u0456\u043c\u0435\u0446\u044c\u043a\u043e-\u0443\u043a\u0440\u0430\u0457\u043d\u0441\u044c\u043a\u0438\u0439 \u0441\u043f\u043e\u0440\u0442\u0438\u0432\u043d\u0438\u0439 \u043a\u043b\u0443\u0431, \u044f\u043a\u0438\u0439 \u043f\u043e\u043f\u0443\u043b\u044f\u0440\u0438\u0437\u0443\u0454 \u0441\u043f\u043e\u0440\u0442 \u0456 \u043f\u0456\u0434\u0442\u0440\u0438\u043c\u0443\u0454 \u0431\u0456\u0436\u0435\u043d\u0446\u0456\u0432.<\/p>\n\n\n\n<p>\u041c\u0438 \u043f\u0440\u043e\u043f\u043e\u043d\u0443\u0454\u043c\u043e \u0445\u043e\u0440\u043e\u0448\u0456 \u043c\u043e\u0436\u043b\u0438\u0432\u043e\u0441\u0442\u0456 \u0434\u043b\u044f \u0456\u043d\u0442\u0435\u0433\u0440\u0430\u0446\u0456\u0457 \u0447\u0435\u0440\u0435\u0437 \u0431\u0456\u0433\u043e\u0432\u0456 \u0437\u0430\u0445\u043e\u0434\u0438, \u0441\u043f\u0456\u043b\u044c\u043d\u0456 \u043f\u043e\u0445\u043e\u0434\u0438, \u0432\u0435\u043b\u043e\u0441\u0438\u043f\u0435\u0434\u043d\u0456 \u0442\u0443\u0440\u0438 \u0442\u0430 \u0456\u043d\u0448\u0456 \u0441\u043f\u043e\u0440\u0442\u0438\u0432\u043d\u0456 \u0437\u0430\u0445\u043e\u0434\u0438.<\/p>\n\n\n\n<p>\u041c\u0438 \u0442\u0430\u043a\u043e\u0436 \u043f\u0456\u0434\u0442\u0440\u0438\u043c\u0443\u0454\u043c\u043e \u0435\u043a\u043e-\u0441\u043e\u0446\u0456\u0430\u043b\u044c\u043d\u0456 \u043f\u0440\u043e\u0435\u043a\u0442\u0438 \u0442\u0430 \u043f\u0440\u043e\u0431\u0456\u0433\u0438 \u0443 \u0424\u0440\u0430\u0439\u0431\u0443\u0440\u0437\u0456 \u0442\u0430 \u0439\u043e\u0433\u043e \u043e\u043a\u043e\u043b\u0438\u0446\u044f\u0445.<\/p>\n\n\n\n<p>\u0421\u0442\u0430\u043d\u044c\u0442\u0435 \u0443\u0447\u0430\u0441\u043d\u0438\u043a\u043e\u043c \u043d\u0430\u0448\u043e\u0457 \u0441\u043f\u043e\u0440\u0442\u0438\u0432\u043d\u043e\u0457 \u0441\u043f\u0456\u043b\u044c\u043d\u043e\u0442\u0438!<\/p>\n\n\n\n<p><\/p>\n\n\n\n<h2 class=\"wp-block-heading\">\u041d\u0430\u0448\u0430 \u043a\u043e\u043c\u0430\u043d\u0434\u0430<\/h2>\n\n\n\n<div class=\"wp-block-columns is-layout-flex wp-container-core-columns-is-layout-9d6595d7 wp-block-columns-is-layout-flex\">\n<div class=\"wp-block-column is-layout-flow wp-block-column-is-layout-flow\">\n<figure class=\"wp-block-image size-full\"><img loading=\"lazy\" decoding=\"async\" width=\"1920\" height=\"2560\" src=\"https:\/\/running-club-ukrainotschka.de\/wp-content\/uploads\/2024\/09\/IMG_20240716_142709_434-scaled.jpg\" alt=\"\" class=\"wp-image-2265\" srcset=\"https:\/\/running-club-ukrainotschka.de\/wp-content\/uploads\/2024\/09\/IMG_20240716_142709_434-scaled.jpg 1920w, https:\/\/running-club-ukrainotschka.de\/wp-content\/uploads\/2024\/09\/IMG_20240716_142709_434-225x300.jpg 225w, https:\/\/running-club-ukrainotschka.de\/wp-content\/uploads\/2024\/09\/IMG_20240716_142709_434-768x1024.jpg 768w, https:\/\/running-club-ukrainotschka.de\/wp-content\/uploads\/2024\/09\/IMG_20240716_142709_434-1152x1536.jpg 1152w, https:\/\/running-club-ukrainotschka.de\/wp-content\/uploads\/2024\/09\/IMG_20240716_142709_434-1536x2048.jpg 1536w, https:\/\/running-club-ukrainotschka.de\/wp-content\/uploads\/2024\/09\/IMG_20240716_142709_434-9x12.jpg 9w\" sizes=\"auto, (max-width: 1920px) 100vw, 1920px\" \/><\/figure>\n\n\n\n<h3 class=\"wp-block-heading\">\u041d\u0430\u0434\u0456\u044f \u0424\u0430\u043b\u044c\u043a-\u041a\u0443\u043c\u0430\u043d\u0441\u044c\u043a\u0430<\/h3>\n\n\n\n<p><strong>1. \u0433\u043e\u043b\u043e\u0432\u0430 \u0441\u043f\u0456\u043b\u043a\u0438<\/strong><\/p>\n\n\n\n<p>\u041f\u0440\u043e\u0444\u0435\u0441\u0456\u044f: \u0441\u043f\u043e\u0440\u0442\u0438\u0432\u043d\u0438\u0439 \u0442\u0440\u0435\u043d\u0435\u0440<\/p>\n\n\n\n<p>\u0420\u0456\u043a \u043d\u0430\u0440\u043e\u0434\u0436\u0435\u043d\u043d\u044f: 1981<\/p>\n\n\n\n<p>\u0425\u043e\u0431\u0456: \u0443\u043b\u044c\u0442\u0440\u0430\u0442\u0440\u0435\u0439\u043b \u0431\u0456\u0433, \u0433\u0456\u0440\u0441\u044c\u043a\u0438\u0439 \u0432\u0435\u043b\u043e\u0441\u0438\u043f\u0435\u0434, \u043b\u0438\u0436\u0456, \u0441\u043a\u0435\u043b\u0435\u043b\u0430\u0437\u0456\u043d\u043d\u044f, \u043f\u043e\u0445\u043e\u0434\u0438, \u0432\u0438\u043f\u0456\u0447\u043a\u0430.<\/p>\n\n\n\n<p>\u042f \u043b\u044e\u0431\u043b\u044e \u0431\u0456\u0433\u043e\u0432\u0438\u0439 \u0441\u043f\u043e\u0440\u0442 \u0456 \u043c\u043e\u044e \u0411\u0430\u0442\u044c\u043a\u0456\u0432\u0449\u0438\u043d\u0443, \u0442\u043e\u043c\u0443 \u044f \u0445\u043e\u0447\u0443 \u043f\u0435\u0440\u0435\u0434\u0430\u0442\u0438 \u0441\u0432\u043e\u044e \u043f\u0440\u0438\u0441\u0442\u0440\u0430\u0441\u0442\u044c \u043c\u043e\u0457\u043c \u0441\u043f\u0456\u0432\u0432\u0456\u0442\u0447\u0438\u0437\u043d\u0438\u043a\u0430\u043c, \u044f\u043a\u0456 \u0432\u0438\u043c\u0443\u0448\u0435\u043d\u0456 \u0442\u0456\u043a\u0430\u0442\u0438 \u0432\u0456\u0434 \u0432\u0456\u0439\u043d\u0438.&nbsp;<\/p>\n\n\n\n<p>\u042f \u0441\u043f\u043e\u0434\u0456\u0432\u0430\u044e\u0441\u044c, \u0449\u043e \u043c\u0456\u0439 \u043f\u0440\u043e\u0435\u043a\u0442 Running Club Ukrainotschka \u043c\u043e\u0436\u0435 \u0441\u0444\u043e\u0440\u043c\u0443\u0432\u0430\u0442\u0438 \u0447\u0443\u0434\u043e\u0432\u0443 \u0431\u0456\u0433\u043e\u0432\u0443 \u0441\u043f\u0456\u043b\u044c\u043d\u043e\u0442\u0443 \u0456 \u0442\u0430\u043a\u0438\u043c \u0447\u0438\u043d\u043e\u043c \u043f\u0456\u0434\u0442\u0440\u0438\u043c\u0430\u0442\u0438 \u0423\u043a\u0440\u0430\u0457\u043d\u0443.&nbsp;<\/p>\n<\/div>\n\n\n\n<div class=\"wp-block-column is-layout-flow wp-block-column-is-layout-flow\">\n<figure class=\"wp-block-image size-full\"><img loading=\"lazy\" decoding=\"async\" width=\"350\" height=\"450\" src=\"https:\/\/running-club-ukrainotschka.de\/wp-content\/uploads\/2022\/11\/running-club-ukrainotschka-dina.jpg\" alt=\"\" class=\"wp-image-1493\" srcset=\"https:\/\/running-club-ukrainotschka.de\/wp-content\/uploads\/2022\/11\/running-club-ukrainotschka-dina.jpg 350w, https:\/\/running-club-ukrainotschka.de\/wp-content\/uploads\/2022\/11\/running-club-ukrainotschka-dina-233x300.jpg 233w, https:\/\/running-club-ukrainotschka.de\/wp-content\/uploads\/2022\/11\/running-club-ukrainotschka-dina-9x12.jpg 9w\" sizes=\"auto, (max-width: 350px) 100vw, 350px\" \/><\/figure>\n\n\n\n<h3 class=\"wp-block-heading\">\u0414\u0456\u043d\u0430 \u042e\u043d\u0443\u0441\u043e\u0432\u0430<\/h3>\n\n\n\n<p><strong>2. \u0433\u043e\u043b\u043e\u0432\u0430 \u0441\u043f\u0456\u043b\u043a\u0438<\/strong><\/p>\n\n\n\n<p>\u041f\u0440\u043e\u0444\u0435\u0441\u0456\u044f: \u0432\u0435\u0431-\u0434\u0438\u0437\u0430\u0439\u043d\u0435\u0440\u043a\u0430<\/p>\n\n\n\n<p>\u0420\u0456\u043a \u043d\u0430\u0440\u043e\u0434\u0436\u0435\u043d\u043d\u044f: 1988<\/p>\n\n\n\n<p>\u0425\u043e\u0431\u0456: \u043f\u043e\u0445\u043e\u0434\u0438, \u0431\u0456\u0433, \u0442\u0430\u043d\u0446\u0456, \u043f\u043b\u0430\u0432\u0430\u043d\u043d\u044f.<\/p>\n\n\n\n<p>\u042f \u0440\u043e\u0434\u043e\u043c \u0437 \u0423\u043a\u0440\u0430\u0457\u043d\u0438 (\u041a\u0438\u0457\u0432) \u0456 \u0437\u0456 \u0441\u0442\u0443\u0434\u0435\u043d\u0442\u0441\u044c\u043a\u0438\u0445 \u0447\u0430\u0441\u0456\u0432 \u0436\u0438\u0432\u0443 \u0443 \u0424\u0440\u0430\u0439\u0431\u0443\u0440\u0437\u0456. \u0423 Running Club Ukrainotschka e.V \u044f \u0440\u043e\u0431\u043b\u044e \u0430\u0434\u043c\u0456\u043d\u0456\u0441\u0442\u0440\u0443\u0432\u0430\u043d\u043d\u044f \u0442\u0430 \u043f\u0456\u0434\u0442\u0440\u0438\u043c\u043a\u0443 \u043d\u0430\u0448\u043e\u0457 \u0434\u043e\u043c\u0430\u0448\u043d\u044c\u043e\u0457 \u0441\u0442\u043e\u0440\u0456\u043d\u043a\u0438. <\/p>\n\n\n\n<p>\u0421\u0432\u043e\u0457\u043c \u0432\u043d\u0435\u0441\u043a\u043e\u043c \u0443 \u0446\u0435\u0439 \u043a\u043b\u0443\u0431 \u044f \u0445\u043e\u0447\u0443 \u043f\u0456\u0434\u0442\u0440\u0438\u043c\u0430\u0442\u0438 \u043d\u0456\u043c\u0435\u0446\u044c\u043a\u043e-\u0443\u043a\u0440\u0430\u0457\u043d\u0441\u044c\u043a\u0443 \u0441\u043f\u0456\u0432\u043f\u0440\u0430\u0446\u044e \u0442\u0430 \u0434\u0440\u0443\u0436\u0431\u0443, \u0437\u0430 \u0434\u043e\u043f\u043e\u043c\u043e\u0433\u043e\u044e \u0441\u043f\u0456\u043b\u044c\u043d\u043e\u0457 \u0441\u043f\u043e\u0440\u0442\u0438\u0432\u043d\u043e\u0457 \u0434\u0456\u044f\u043b\u044c\u043d\u043e\u0441\u0442\u0456.<\/p>\n\n\n\n<p>\u041e\u043a\u0440\u0456\u043c \u0446\u044c\u043e\u0433\u043e \u044f \u0434\u0443\u0436\u0435 \u0440\u0430\u0434\u0430 \u043f\u043e\u0437\u043d\u0430\u0439\u043e\u043c\u0438\u0442\u0438\u0441\u044c \u0442\u0443\u0442 \u0437 \u0447\u0443\u0434\u043e\u0432\u0438\u043c\u0438 \u043b\u044e\u0434\u044c\u043c\u0438!<\/p>\n<\/div>\n\n\n\n<div class=\"wp-block-column is-layout-flow wp-block-column-is-layout-flow\">\n<figure class=\"wp-block-image size-full\"><img loading=\"lazy\" decoding=\"async\" width=\"350\" height=\"450\" src=\"https:\/\/running-club-ukrainotschka.de\/wp-content\/uploads\/2022\/11\/running-club-ukrainotschka-claudia-1.jpg\" alt=\"\" class=\"wp-image-1521\" srcset=\"https:\/\/running-club-ukrainotschka.de\/wp-content\/uploads\/2022\/11\/running-club-ukrainotschka-claudia-1.jpg 350w, https:\/\/running-club-ukrainotschka.de\/wp-content\/uploads\/2022\/11\/running-club-ukrainotschka-claudia-1-233x300.jpg 233w, https:\/\/running-club-ukrainotschka.de\/wp-content\/uploads\/2022\/11\/running-club-ukrainotschka-claudia-1-9x12.jpg 9w\" sizes=\"auto, (max-width: 350px) 100vw, 350px\" \/><\/figure>\n\n\n\n<h3 class=\"wp-block-heading\">\u041a\u043b\u0430\u0443\u0434\u0456\u044f \u0425\u0430\u043d\u0456\u0448<\/h3>\n\n\n\n<p><strong>3. \u0433\u043e\u043b\u043e\u0432\u0430 \u0441\u043f\u0456\u043b\u043a\u0438<\/strong><\/p>\n\n\n\n<p>\u041f\u0440\u043e\u0444\u0435\u0441\u0456\u044f: \u043f\u0440\u0435\u0441-\u0441\u0435\u043a\u0440\u0435\u0442\u0430\u0440<\/p>\n\n\n\n<p>Jahrgang 1979<\/p>\n\n\n\n<p>\u0425\u043e\u0431\u0456: \u0443\u043b\u044c\u0442\u0440\u0430\u0431\u0456\u0433, \u043c\u0430\u0440\u0430\u0444\u043e\u043d, \u043f\u0456\u0448\u0438\u0439 \u0442\u0443\u0440\u0438\u0437\u043c.&nbsp;<\/p>\n\n\n\n<p>\u042f \u0442\u0432\u0435\u0440\u0434\u043e \u0432\u0456\u0440\u044e \u0432 \u0456\u043d\u0442\u0435\u0433\u0440\u0430\u0446\u0456\u0439\u043d\u0438\u0439 \u0435\u0444\u0435\u043a\u0442 \u0441\u043f\u043e\u0440\u0442\u0443, \u043e\u0441\u043e\u0431\u043b\u0438\u0432\u043e \u0431\u0456\u0433\u0443. \u0417\u0430 15 \u0440\u043e\u043a\u0456\u0432, \u044f\u043a\u0456 \u044f \u0431\u0456\u0433\u0430\u043b\u0430 \u043d\u0430 \u043c\u0430\u0440\u0430\u0444\u043e\u043d\u0430\u0445 \u0456 \u0443\u043b\u044c\u0442\u0440\u0430\u043c\u0430\u0440\u0430\u0444\u043e\u043d\u0430\u0445, \u044f \u043c\u0430\u043b\u0430 \u0447\u0435\u0441\u0442\u044c \u043f\u043e\u0437\u043d\u0430\u0439\u043e\u043c\u0438\u0442\u0438\u0441\u044f \u0437 \u0431\u0430\u0433\u0430\u0442\u044c\u043c\u0430 \u0432\u0435\u043b\u0438\u043a\u0438\u043c\u0438 \u0431\u0456\u0433\u0443\u043d\u0430\u043c\u0438 \u043f\u043e \u0432\u0441\u044c\u043e\u043c\u0443 \u0441\u0432\u0456\u0442\u0443, \u0430 \u0434\u0435\u044f\u043a\u0456 \u0441\u0442\u0430\u043b\u0438 \u0431\u043b\u0438\u0437\u044c\u043a\u0438\u043c\u0438 \u0434\u0440\u0443\u0437\u044f\u043c\u0438. \u0426\u0435\u0439 \u0430\u0441\u043f\u0435\u043a\u0442 \u0431\u0456\u0433\u0443 \u0442\u0435\u043f\u0435\u0440 \u0441\u0442\u0430\u0432 \u0434\u043b\u044f \u043c\u0435\u043d\u0435 \u0432\u0430\u0436\u043b\u0438\u0432\u0456\u0448\u0438\u043c, \u043d\u0456\u0436 \u043c\u0456\u0441\u0446\u044f \u0430\u0431\u043e \u0447\u0430\u0441. \u0417 Running Club Ukrainotschka \u044f \u0441\u043f\u043e\u0434\u0456\u0432\u0430\u044e\u0441\u044f, \u0449\u043e \u0443\u043a\u0440\u0430\u0457\u043d\u0446\u0456 \u0442\u0430 \u043d\u0456\u043c\u0446\u0456 \u043f\u043e\u0434\u043e\u043b\u0430\u044e\u0442\u044c \u043c\u043e\u0432\u043d\u0456 \u0431\u0430\u0440\u2019\u0454\u0440\u0438 \u0442\u0430 \u0443\u043f\u0435\u0440\u0435\u0434\u0436\u0435\u043d\u043d\u044f, \u0437\u043d\u0430\u0439\u0434\u0443\u0442\u044c \u0441\u0445\u043e\u0436\u0456\u0441\u0442\u044c \u0456 \u0437\u043d\u0430\u0439\u0434\u0443\u0442\u044c \u0434\u0440\u0443\u0437\u0456\u0432, \u0431\u0456\u0433\u0430\u044e\u0447\u0438 \u0440\u0430\u0437\u043e\u043c. \u0423 2016 \u0440\u043e\u0446\u0456 \u044f \u0437\u0430\u0441\u043d\u0443\u0432\u0430\u043b\u0430 \u0431\u0456\u0433\u043e\u0432\u0443 \u043f\u0440\u043e\u0433\u0440\u0430\u043c\u0443 \u0434\u043b\u044f \u0431\u0456\u0436\u0435\u043d\u0446\u0456\u0432 \u0443 \u043c\u043e\u0454\u043c\u0443 \u0440\u0456\u0434\u043d\u043e\u043c\u0443 \u043c\u0456\u0441\u0442\u0456, \u044f\u043a\u0430 \u043f\u0435\u0440\u0435\u0442\u0432\u043e\u0440\u0438\u043b\u0430\u0441\u044f \u043d\u0430 \u0447\u0443\u0434\u043e\u0432\u0443 \u0433\u0440\u0443\u043f\u0443, \u0432 \u044f\u043a\u0456\u0439 \u0437\u0443\u0441\u0442\u0440\u0456\u0447\u0430\u044e\u0442\u044c\u0441\u044f \u0431\u0456\u0433\u0443\u043d\u0438 \u0437 26 \u043a\u0440\u0430\u0457\u043d, \u0432\u0456\u0434 \u0434\u0438\u0442\u0438\u043d\u0441\u0442\u0432\u0430 \u0434\u043e \u043f\u0435\u043d\u0441\u0456\u0439\u043d\u043e\u0433\u043e \u0432\u0456\u043a\u0443.&nbsp;&nbsp;&nbsp;&nbsp;&nbsp;<\/p>\n<\/div>\n<\/div>\n<\/div>\n<\/div>\n\n\n\n<div class=\"wp-block-columns is-layout-flex wp-container-core-columns-is-layout-9d6595d7 wp-block-columns-is-layout-flex\">\n<div class=\"wp-block-column is-layout-flow wp-block-column-is-layout-flow\">\n<figure class=\"wp-block-image size-full\"><img loading=\"lazy\" decoding=\"async\" width=\"350\" height=\"450\" src=\"https:\/\/running-club-ukrainotschka.de\/wp-content\/uploads\/2022\/11\/running-club-ukrainotschka-rebekka-1.jpg\" alt=\"\" class=\"wp-image-1543\" srcset=\"https:\/\/running-club-ukrainotschka.de\/wp-content\/uploads\/2022\/11\/running-club-ukrainotschka-rebekka-1.jpg 350w, https:\/\/running-club-ukrainotschka.de\/wp-content\/uploads\/2022\/11\/running-club-ukrainotschka-rebekka-1-233x300.jpg 233w, https:\/\/running-club-ukrainotschka.de\/wp-content\/uploads\/2022\/11\/running-club-ukrainotschka-rebekka-1-9x12.jpg 9w\" sizes=\"auto, (max-width: 350px) 100vw, 350px\" \/><\/figure>\n\n\n\n<h3 class=\"wp-block-heading\">\u0420\u0435\u0431\u0435\u043a\u043a\u0430 \u0428\u0443\u0441\u0442\u0435\u0440<\/h3>\n\n\n\n<p><strong>\u0424\u0456\u043d\u0430\u043d\u0441\u0438\u0441\u0442<\/strong><\/p>\n\n\n\n<p>\u041f\u0440\u043e\u0444\u0435\u0441\u0456\u044f: \u0432\u0447\u0438\u0442\u0435\u043b\u044c-\u0434\u0435\u0444\u0435\u043a\u0442\u043e\u043b\u043e\u0433<\/p>\n\n\n\n<p>\u0420\u0456\u043a \u043d\u0430\u0440\u043e\u0434\u0436\u0435\u043d\u043d\u044f: 1985<\/p>\n\n\n\n<p>\u0425\u043e\u0431\u0456: \u0433\u0456\u0440\u0441\u044c\u043a\u0438\u0439 \u0432\u0435\u043b\u043e\u0441\u0438\u043f\u0435\u0434, \u0431\u0456\u0433, \u043f\u043e\u0445\u043e\u0434\u0438, \u043b\u0438\u0436\u0456.<\/p>\n\n\n\n<p>\u042f \u0440\u0430\u0434\u0430 \u0431\u0443\u0442\u0438 \u043e\u0434\u043d\u043e\u044e \u0456\u0437 \u0437\u0430\u0441\u043d\u043e\u0432\u043d\u0438\u043a\u0456\u0432 \u043a\u043b\u0443\u0431\u0443 Running Club Ukrainotschka. \u0414\u044f\u043a\u0443\u044e @Nadja_ultratrailrunner \u0437\u0430 \u0457\u0457 \u0432\u0456\u0434\u0434\u0430\u043d\u0456\u0441\u0442\u044c \u0441\u043f\u0440\u0438\u044f\u043d\u043d\u044e \u0456\u043d\u0442\u0435\u0433\u0440\u0430\u0446\u0456\u0457 \u0443\u043a\u0440\u0430\u0457\u043d\u0441\u044c\u043a\u0438\u0445 \u0431\u0456\u0436\u0435\u043d\u0446\u0456\u0432 \u0447\u0435\u0440\u0435\u0437 \u0441\u043f\u0456\u043b\u044c\u043d\u0456 \u0441\u043f\u043e\u0440\u0442\u0438\u0432\u043d\u0456 \u0437\u0430\u0445\u043e\u0434\u0438. \u0427\u0443\u0434\u043e\u0432\u0430 \u043a\u043e\u043d\u0446\u0435\u043f\u0446\u0456\u044f, \u0456 \u043d\u0435 \u0431\u0443\u043b\u043e \u0441\u0443\u043c\u043d\u0456\u0432\u0456\u0432, \u0449\u043e \u044f \u0431\u0443\u0434\u0443 \u0457\u0457 \u0447\u0430\u0441\u0442\u0438\u043d\u043e\u044e.&nbsp;<\/p>\n\n\n\n<p>Ich liebe die Natur, Camping und die Berge. Ich bevorzuge berghoch, statt bergab. \ud83d\ude09&nbsp;Bin viel mit dem Mountainbike oder zu Fu\u00df unterwegs. Im Winter findest du mich auf den Loipen des Schwarzwalds oder in meiner zweiten Heimat Norwegen @lust_auf_norwegen<\/p>\n<\/div>\n\n\n\n<div class=\"wp-block-column is-layout-flow wp-block-column-is-layout-flow\">\n<figure class=\"wp-block-image size-full\"><img loading=\"lazy\" decoding=\"async\" width=\"350\" height=\"450\" src=\"https:\/\/running-club-ukrainotschka.de\/wp-content\/uploads\/2022\/11\/running-club-ukrainotschka-barbara.jpg\" alt=\"\" class=\"wp-image-1495\" srcset=\"https:\/\/running-club-ukrainotschka.de\/wp-content\/uploads\/2022\/11\/running-club-ukrainotschka-barbara.jpg 350w, https:\/\/running-club-ukrainotschka.de\/wp-content\/uploads\/2022\/11\/running-club-ukrainotschka-barbara-233x300.jpg 233w, https:\/\/running-club-ukrainotschka.de\/wp-content\/uploads\/2022\/11\/running-club-ukrainotschka-barbara-9x12.jpg 9w\" sizes=\"auto, (max-width: 350px) 100vw, 350px\" \/><\/figure>\n\n\n\n<h3 class=\"wp-block-heading\">\u0411\u0430\u0440\u0431\u0430\u0440\u0430 \u0411\u0430\u043c\u0431\u0435\u0440\u0433\u0435\u0440<\/h3>\n\n\n\n<p><strong>\u0424\u0456\u043d\u0430\u043d\u0441\u0438\u0441\u0442<\/strong><\/p>\n\n\n\n<p>\u041f\u0440\u043e\u0444\u0435\u0441\u0456\u044f: \u0432\u0447\u0438\u0442\u0435\u043b\u044c\u043a\u0430<\/p>\n\n\n\n<p>\u0420\u0456\u043a \u043d\u0430\u0440\u043e\u0434\u0436\u0435\u043d\u043d\u044f: 1974<\/p>\n\n\n\n<p>\u0425\u043e\u0431\u0456: \u0443\u043b\u044c\u0442\u0440\u0430\u0431\u0456\u0433, \u043c\u0430\u0440\u0430\u0444\u043e\u043d, \u0442\u0440\u0435\u0439\u043b \u0431\u0456\u0433, \u043f\u043e\u0445\u043e\u0434\u0438.&nbsp;<\/p>\n\n\n\n<p>\u042f \u043f\u043e\u0447\u0430\u043b\u0430 \u0431\u0456\u0433\u0430\u0442\u0438 \u0432 2005 \u0440\u043e\u0446\u0456 \u2013 \u044f\u043a \u044f \u043f\u0438\u0448\u0430\u043b\u0430\u0441\u044f, \u043a\u043e\u043b\u0438 \u0432\u043f\u0435\u0440\u0448\u0435 \u043f\u0440\u043e\u0431\u0456\u0433\u043b\u0430 30 \u0445\u0432\u0438\u043b\u0438\u043d \u043f\u043e\u0441\u043f\u0456\u043b\u044c! \u0421\u044c\u043e\u0433\u043e\u0434\u043d\u0456 \u0431\u0456\u0433 \u2013 \u043d\u0435\u0432\u0456\u0434\u2019\u0454\u043c\u043d\u0430 \u0447\u0430\u0441\u0442\u0438\u043d\u0430 \u043c\u043e\u0433\u043e \u0436\u0438\u0442\u0442\u044f. \u0411\u0430\u0436\u0430\u043d\u043d\u044f \u0445\u043e\u0447\u0430 \u0431 \u0440\u0430\u0437 \u0443 \u0436\u0438\u0442\u0442\u0456 \u043f\u0440\u043e\u0431\u0456\u0433\u0442\u0438 \u043c\u0430\u0440\u0430\u0444\u043e\u043d (2016 \u0440\u0456\u043a) \u043f\u043e\u0441\u0442\u0443\u043f\u043e\u0432\u043e \u043f\u0435\u0440\u0435\u0440\u043e\u0441\u043b\u043e \u0432 \u0437\u0430\u0445\u043e\u043f\u043b\u0435\u043d\u043d\u044f \u0432\u0441\u0435 \u0431\u0456\u043b\u044c\u0448\u0438\u043c\u0438 \u0456 \u0434\u043e\u0432\u0448\u0438\u043c\u0438 \u0434\u0438\u0441\u0442\u0430\u043d\u0446\u0456\u044f\u043c\u0438, \u0456 \u0442\u043e\u043c\u0443 \u044f \u0432\u0441\u0435 \u0431\u0456\u043b\u044c\u0448\u0435 \u0437\u0430\u043b\u0443\u0447\u0430\u044e\u0441\u044f \u0434\u043e \u0443\u043b\u044c\u0442\u0440\u0430\u043f\u0440\u043e\u0431\u0456\u0433\u0456\u0432.<\/p>\n\n\n\n<p>\u042f \u0432\u0432\u0430\u0436\u0430\u044e, \u0449\u043e \u043a\u043e\u043d\u0446\u0435\u043f\u0446\u0456\u044f \u0456\u043d\u0442\u0435\u0433\u0440\u0430\u0446\u0456\u0457 \u0431\u0456\u0436\u0435\u043d\u0446\u0456\u0432 \u0437\u0430 \u0434\u043e\u043f\u043e\u043c\u043e\u0433\u043e\u044e \u0441\u043f\u043e\u0440\u0442\u0443 \u2013  \u0447\u0443\u0434\u043e\u0432\u0430 \u2013 \u0456 \u043a\u043e\u043b\u0438 \u043c\u0438 \u0442\u0440\u0435\u043d\u0443\u0454\u043c\u043e\u0441\u044f \u0440\u0430\u0437\u043e\u043c, \u043d\u0430\u0432\u0456\u0442\u044c \u0431\u0456\u0433\u043e\u0432\u0430 \u0430\u0431\u0435\u0442\u043a\u0430 \u043f\u0440\u0438\u043d\u043e\u0441\u0438\u0442\u044c \u0437\u0430\u0434\u043e\u0432\u043e\u043b\u0435\u043d\u043d\u044f.<\/p>\n<\/div>\n\n\n\n<div class=\"wp-block-column is-layout-flow wp-block-column-is-layout-flow\">\n<figure class=\"wp-block-image size-full\"><img loading=\"lazy\" decoding=\"async\" width=\"960\" height=\"1234\" src=\"https:\/\/running-club-ukrainotschka.de\/wp-content\/uploads\/2026\/01\/5434061115202669413-1.jpg\" alt=\"\" class=\"wp-image-2479\" srcset=\"https:\/\/running-club-ukrainotschka.de\/wp-content\/uploads\/2026\/01\/5434061115202669413-1.jpg 960w, https:\/\/running-club-ukrainotschka.de\/wp-content\/uploads\/2026\/01\/5434061115202669413-1-233x300.jpg 233w, https:\/\/running-club-ukrainotschka.de\/wp-content\/uploads\/2026\/01\/5434061115202669413-1-797x1024.jpg 797w, https:\/\/running-club-ukrainotschka.de\/wp-content\/uploads\/2026\/01\/5434061115202669413-1-9x12.jpg 9w\" sizes=\"auto, (max-width: 960px) 100vw, 960px\" \/><\/figure>\n\n\n\n<h3 class=\"wp-block-heading\">\u0404\u0432\u0433\u0435\u043d \u041b\u0443\u043f\u0430\u0448\u043a\u043e<\/h3>\n\n\n\n<p><strong>IT-\u043f\u0456\u0434\u0442\u0440\u0438\u043c\u043a\u0430<\/strong><\/p>\n\n\n\n<p>\u041f\u0440\u043e\u0444\u0435\u0441\u0456\u044f: \u043f\u0440\u043e\u0433\u0440\u0430\u043c\u0456\u0441\u0442<\/p>\n\n\n\n<p>\u0420\u0456\u043a \u043d\u0430\u0440\u043e\u0434\u0436\u0435\u043d\u043d\u044f: 1987<\/p>\n\n\n\n<p>\u0425\u043e\u0431\u0456: \u0431\u0456\u0433, \u0440\u0435\u0433\u0431\u0456, \u043f\u043e\u0445\u043e\u0434\u0438.<\/p>\n\n\n\n<p>\u0426\u0456\u043a\u0430\u0432\u043b\u044e\u0441\u044f \u0456\u0441\u0442\u043e\u0440\u0456\u0454\u044e \u0442\u0430 \u0441\u043f\u043e\u0440\u0442\u043e\u043c, \u043b\u044e\u0431\u043b\u044e \u0447\u0438\u0442\u0430\u0442\u0438 \u043a\u043d\u0438\u0433\u0438 \u0442\u0430 \u043c\u0430\u043d\u0434\u0440\u0443\u0432\u0430\u0442\u0438. \u0420\u0430\u0434\u0438\u0439 \u0431\u0443\u0442\u0438 \u0447\u0430\u0441\u0442\u0438\u043d\u043e\u044e \u0431\u0456\u0433\u043e\u0432\u043e\u0457 \u0441\u043f\u0456\u043b\u044c\u043d\u043e\u0442\u0438 \u0443 \u041d\u0456\u043c\u0435\u0447\u0447\u0438\u043d\u0456 , \u0432 \u044f\u043a\u0443 \u0456\u043d\u0442\u0435\u0433\u0440\u0443\u0454\u0442\u044c\u0441\u044f \u0432\u0441\u0435 \u0431\u0456\u043b\u044c\u0448\u0435 \u0443\u043a\u0440\u0430\u0457\u043d\u0446\u0456\u0432 \u0437\u0430\u0432\u0434\u044f\u043a\u0438 \u0442\u0430\u043a\u0438\u043c \u043a\u043b\u0443\u0431\u0430\u043c \u044f\u043a \"\u0423\u043a\u0440\u0430\u0457\u043d\u043e\u0447\u043a\u0430\".<\/p>\n<\/div>\n<\/div>","protected":false},"excerpt":{"rendered":"<p>Running Club Ukrainotschka e.V. Wir sind ein Deutsch-Ukrainischer Sportverein, der den Sport f\u00f6rdert und die Fl\u00fcchtlinge unterst\u00fctzt. Wir bieten gute Integrations M\u00f6glichkeiten durch die gemischte Lauftreffs, gemeinsame Wanderungen, Radtouren und weitere sportliche Aktivit\u00e4ten. Au\u00dferdem unterst\u00fctzen wir die \u00d6kosoziale Projekte sowie&#8230;<\/p>","protected":false},"author":1,"featured_media":478,"parent":0,"menu_order":0,"comment_status":"closed","ping_status":"closed","template":"","meta":{"footnotes":""},"class_list":["post-182","page","type-page","status-publish","has-post-thumbnail","hentry"],"aioseo_notices":[],"_links":{"self":[{"href":"https:\/\/running-club-ukrainotschka.de\/ua\/wp-json\/wp\/v2\/pages\/182","targetHints":{"allow":["GET"]}}],"collection":[{"href":"https:\/\/running-club-ukrainotschka.de\/ua\/wp-json\/wp\/v2\/pages"}],"about":[{"href":"https:\/\/running-club-ukrainotschka.de\/ua\/wp-json\/wp\/v2\/types\/page"}],"author":[{"embeddable":true,"href":"https:\/\/running-club-ukrainotschka.de\/ua\/wp-json\/wp\/v2\/users\/1"}],"replies":[{"embeddable":true,"href":"https:\/\/running-club-ukrainotschka.de\/ua\/wp-json\/wp\/v2\/comments?post=182"}],"version-history":[{"count":90,"href":"https:\/\/running-club-ukrainotschka.de\/ua\/wp-json\/wp\/v2\/pages\/182\/revisions"}],"predecessor-version":[{"id":2480,"href":"https:\/\/running-club-ukrainotschka.de\/ua\/wp-json\/wp\/v2\/pages\/182\/revisions\/2480"}],"wp:featuredmedia":[{"embeddable":true,"href":"https:\/\/running-club-ukrainotschka.de\/ua\/wp-json\/wp\/v2\/media\/478"}],"wp:attachment":[{"href":"https:\/\/running-club-ukrainotschka.de\/ua\/wp-json\/wp\/v2\/media?parent=182"}],"curies":[{"name":"wp","href":"https:\/\/api.w.org\/{rel}","templated":true}]}}